{"id":2,"date":"2016-05-10T03:48:21","date_gmt":"2016-05-10T03:48:21","guid":{"rendered":"http:\/\/www.strom-muendesee.de\/?page_id=2"},"modified":"2018-01-02T19:44:56","modified_gmt":"2018-01-02T19:44:56","slug":"sample-page","status":"publish","type":"page","link":"https:\/\/www.strom-muendesee.de\/","title":{"rendered":"Info Seite"},"content":{"rendered":"<p><strong>Liebe Besucher!<\/strong><\/p>\n<p>Wir begr\u00fc\u00dfen Sie auf unserer Website der\u00a0 &#8222;Interessengemeinschaft Strom M\u00fcndesee e.V.\u201c.<\/p>\n<p>Hier k\u00f6nnen Sie mit uns in Kontakt treten, die Z\u00e4hlerst\u00e4nde melden oder auch einen Antrag zur Aufnahme stellen. Auch f\u00fcr Anfragen oder Hinweise stehen wir Ihnen als Vorstand gerne zur Verf\u00fcgung.<\/p>\n<p>Selbstverst\u00e4ndlich finden Sie hier unsere Satzung, sowie andere n\u00fctzliche Informationen.<\/p>\n<p>&nbsp;<\/p>\n","protected":false},"excerpt":{"rendered":"<p>Liebe Besucher! Wir begr\u00fc\u00dfen Sie auf unserer Website der\u00a0 &#8222;Interessengemeinschaft Strom M\u00fcndesee e.V.\u201c. Hier k\u00f6nnen Sie mit uns in Kontakt treten, die Z\u00e4hlerst\u00e4nde melden oder auch einen Antrag zur Aufnahme stellen. Auch f\u00fcr Anfragen oder Hinweise stehen wir Ihnen als Vorstand gerne zur Verf\u00fcgung. Selbstverst\u00e4ndlich finden Sie hier unsere Satzung, sowie andere n\u00fctzliche Informationen. &nbsp;<\/p>\n","protected":false},"author":1,"featured_media":0,"parent":0,"menu_order":0,"comment_status":"closed","ping_status":"closed","template":"","meta":[],"_links":{"self":[{"href":"https:\/\/www.strom-muendesee.de\/index.php?rest_route=\/wp\/v2\/pages\/2"}],"collection":[{"href":"https:\/\/www.strom-muendesee.de\/index.php?rest_route=\/wp\/v2\/pages"}],"about":[{"href":"https:\/\/www.strom-muendesee.de\/index.php?rest_route=\/wp\/v2\/types\/page"}],"author":[{"embeddable":true,"href":"https:\/\/www.strom-muendesee.de\/index.php?rest_route=\/wp\/v2\/users\/1"}],"replies":[{"embeddable":true,"href":"https:\/\/www.strom-muendesee.de\/index.php?rest_route=%2Fwp%2Fv2%2Fcomments&post=2"}],"version-history":[{"count":3,"href":"https:\/\/www.strom-muendesee.de\/index.php?rest_route=\/wp\/v2\/pages\/2\/revisions"}],"predecessor-version":[{"id":14,"href":"https:\/\/www.strom-muendesee.de\/index.php?rest_route=\/wp\/v2\/pages\/2\/revisions\/14"}],"wp:attachment":[{"href":"https:\/\/www.strom-muendesee.de\/index.php?rest_route=%2Fwp%2Fv2%2Fmedia&parent=2"}],"curies":[{"name":"wp","href":"https:\/\/api.w.org\/{rel}","templated":true}]}}